{"id":1120,"date":"2026-01-06T14:53:56","date_gmt":"2026-01-06T14:53:56","guid":{"rendered":"https:\/\/navitek.mx\/?page_id=1120"},"modified":"2026-01-27T16:41:24","modified_gmt":"2026-01-27T16:41:24","slug":"productos-offiland","status":"publish","type":"page","link":"https:\/\/navitek.com.mx\/en\/productos-offiland\/","title":{"rendered":"Offiland Products"},"content":{"rendered":"\t\t<div data-elementor-type=\"wp-page\" data-elementor-id=\"1120\" class=\"elementor elementor-1120\" data-elementor-post-type=\"page\">\n\t\t\t\t<div class=\"elementor-element elementor-element-9eb9723 e-flex e-con-boxed e-con e-parent\" data-id=\"9eb9723\" data-element_type=\"container\" data-e-type=\"container\" data-settings=\"{&quot;background_background&quot;:&quot;classic&quot;}\">\n\t\t\t\t\t<div class=\"e-con-inner\">\n\t\t\t\t<div class=\"elementor-element elementor-element-5df9e99 elementor-widget elementor-widget-heading\" data-id=\"5df9e99\" data-element_type=\"widget\" data-e-type=\"widget\" data-widget_type=\"heading.default\">\n\t\t\t\t\t<span class=\"elementor-heading-title elementor-size-default\">NAVITEK - NUESTROS PRODUCTOS<\/span>\t\t\t\t<\/div>\n\t\t\t\t<div class=\"elementor-element elementor-element-d44a762 elementor-widget__width-initial elementor-widget elementor-widget-heading\" data-id=\"d44a762\" data-element_type=\"widget\" data-e-type=\"widget\" data-widget_type=\"heading.default\">\n\t\t\t\t\t<h1 class=\"elementor-heading-title elementor-size-default\">Offiland<\/h1>\t\t\t\t<\/div>\n\t\t\t\t<div class=\"elementor-element elementor-element-4c2d31c elementor-widget__width-initial elementor-widget elementor-widget-text-editor\" data-id=\"4c2d31c\" data-element_type=\"widget\" data-e-type=\"widget\" data-widget_type=\"text-editor.default\">\n\t\t\t\t\t\t\t\t\tMobiliario y soluciones ergon\u00f3micas para espacios de trabajo modernos. Dise\u00f1os funcionales que priorizan el confort, la productividad y la correcta organizaci\u00f3n del entorno laboral.\t\t\t\t\t\t\t\t<\/div>\n\t\t\t\t\t<\/div>\n\t\t\t\t<\/div>\n\t\t<div class=\"elementor-element elementor-element-98ce5ef e-flex e-con-boxed e-con e-parent\" data-id=\"98ce5ef\" data-element_type=\"container\" data-e-type=\"container\">\n\t\t\t\t\t<div class=\"e-con-inner\">\n\t\t\t\t<div class=\"elementor-element elementor-element-791b19c elementor-grid-4 elementor-grid-tablet-2 elementor-grid-mobile-1 elementor-widget elementor-widget-loop-grid\" data-id=\"791b19c\" data-element_type=\"widget\" data-e-type=\"widget\" data-settings=\"{&quot;template_id&quot;:468,&quot;columns&quot;:4,&quot;_skin&quot;:&quot;post&quot;,&quot;columns_tablet&quot;:&quot;2&quot;,&quot;columns_mobile&quot;:&quot;1&quot;,&quot;edit_handle_selector&quot;:&quot;[data-elementor-type=\\&quot;loop-item\\&quot;]&quot;,&quot;row_gap&quot;:{&quot;unit&quot;:&quot;px&quot;,&quot;size&quot;:&quot;&quot;,&quot;sizes&quot;:[]},&quot;row_gap_laptop&quot;:{&quot;unit&quot;:&quot;px&quot;,&quot;size&quot;:&quot;&quot;,&quot;sizes&quot;:[]},&quot;row_gap_tablet&quot;:{&quot;unit&quot;:&quot;px&quot;,&quot;size&quot;:&quot;&quot;,&quot;sizes&quot;:[]},&quot;row_gap_mobile&quot;:{&quot;unit&quot;:&quot;px&quot;,&quot;size&quot;:&quot;&quot;,&quot;sizes&quot;:[]}}\" data-widget_type=\"loop-grid.post\">\n\t\t\t\t<div class=\"elementor-widget-container\">\n\t\t\t\t\t\t\t<div class=\"elementor-loop-container elementor-grid\" role=\"list\">\n\t\t<style id=\"loop-dynamic-468\">.e-loop-item-1040 .elementor-element.elementor-element-a8de38a:not(.elementor-motion-effects-element-type-background), .e-loop-item-1040 .elementor-element.elementor-element-a8de38a > .elementor-motion-effects-container > .elementor-motion-effects-layer{background-image:url(\"https:\/\/navitek.com.mx\/wp-content\/uploads\/2026\/01\/OFFILAND_ACRILICO_CHAROLA_CLEAR_48X100-scaled.jpg\");}<\/style><style id=\"loop-468\">.elementor-468 .elementor-element.elementor-element-3e65dba{--display:flex;--flex-direction:column;--container-widget-width:100%;--container-widget-height:initial;--container-widget-flex-grow:0;--container-widget-align-self:initial;--flex-wrap-mobile:wrap;--gap:0px 0px;--row-gap:0px;--column-gap:0px;border-style:none;--border-style:none;--border-radius:3px 3px 3px 3px;box-shadow:0px 5px 10px 0px rgba(105, 105, 114, 0.13);--margin-top:0px;--margin-bottom:0px;--margin-left:0px;--margin-right:0px;--padding-top:10px;--padding-bottom:10px;--padding-left:10px;--padding-right:10px;}.elementor-468 .elementor-element.elementor-element-a8de38a{--display:flex;--min-height:275px;border-style:none;--border-style:none;--border-radius:9px 9px 9px 9px;--margin-top:0px;--margin-bottom:0px;--margin-left:0px;--margin-right:0px;--padding-top:0px;--padding-bottom:0px;--padding-left:0px;--padding-right:0px;}.elementor-468 .elementor-element.elementor-element-a8de38a:not(.elementor-motion-effects-element-type-background), .elementor-468 .elementor-element.elementor-element-a8de38a > .elementor-motion-effects-container > .elementor-motion-effects-layer{background-position:center center;background-repeat:no-repeat;background-size:contain;}.elementor-468 .elementor-element.elementor-element-3b54167{--display:flex;--min-height:170px;--justify-content:space-between;--gap:20px 0px;--row-gap:20px;--column-gap:0px;border-style:none;--border-style:none;--border-radius:0px 0px 0px 0px;--margin-top:0px;--margin-bottom:0px;--margin-left:0px;--margin-right:0px;--padding-top:5px;--padding-bottom:5px;--padding-left:5px;--padding-right:5px;}.elementor-widget-heading .elementor-heading-title{font-family:var( --e-global-typography-primary-font-family ), Sans-serif;font-size:var( --e-global-typography-primary-font-size );font-weight:var( --e-global-typography-primary-font-weight );line-height:var( --e-global-typography-primary-line-height );letter-spacing:var( --e-global-typography-primary-letter-spacing );color:var( --e-global-color-primary );}.elementor-468 .elementor-element.elementor-element-657d5d4 .elementor-heading-title{font-family:\"Plus Jakarta Sans\", Sans-serif;font-size:27px;line-height:34px;letter-spacing:0px;color:var( --e-global-color-text );}.elementor-widget-button .elementor-button{font-family:var( --e-global-typography-accent-font-family ), Sans-serif;font-size:var( --e-global-typography-accent-font-size );font-weight:var( --e-global-typography-accent-font-weight );line-height:var( --e-global-typography-accent-line-height );letter-spacing:var( --e-global-typography-accent-letter-spacing );background-color:var( --e-global-color-accent );}.elementor-468 .elementor-element.elementor-element-4220ffa .elementor-button-content-wrapper{flex-direction:row-reverse;}.elementor-468 .elementor-element.elementor-element-4220ffa .elementor-button .elementor-button-content-wrapper{gap:15px;justify-content:space-between;}.elementor-468 .elementor-element.elementor-element-4220ffa .elementor-button{font-family:\"Plus Jakarta Sans\", Sans-serif;font-size:16px;font-weight:500;line-height:20px;letter-spacing:-0.14px;fill:var( --e-global-color-56eb695 );color:var( --e-global-color-56eb695 );background-color:var( --e-global-color-text );border-style:solid;border-width:0px 0px 3px 0px;border-color:var( --e-global-color-primary );border-radius:70px 70px 70px 70px;padding:10px 15px 10px 15px;}.elementor-468 .elementor-element.elementor-element-4220ffa .elementor-button:hover, .elementor-468 .elementor-element.elementor-element-4220ffa .elementor-button:focus{background-color:var( --e-global-color-primary );}@media(max-width:1366px){.elementor-widget-heading .elementor-heading-title{font-size:var( --e-global-typography-primary-font-size );line-height:var( --e-global-typography-primary-line-height );letter-spacing:var( --e-global-typography-primary-letter-spacing );}.elementor-widget-button .elementor-button{font-size:var( --e-global-typography-accent-font-size );line-height:var( --e-global-typography-accent-line-height );letter-spacing:var( --e-global-typography-accent-letter-spacing );}}@media(max-width:1024px){.elementor-widget-heading .elementor-heading-title{font-size:var( --e-global-typography-primary-font-size );line-height:var( --e-global-typography-primary-line-height );letter-spacing:var( --e-global-typography-primary-letter-spacing );}.elementor-widget-button .elementor-button{font-size:var( --e-global-typography-accent-font-size );line-height:var( --e-global-typography-accent-line-height );letter-spacing:var( --e-global-typography-accent-letter-spacing );}}@media(max-width:767px){.elementor-widget-heading .elementor-heading-title{font-size:var( --e-global-typography-primary-font-size );line-height:var( --e-global-typography-primary-line-height );letter-spacing:var( --e-global-typography-primary-letter-spacing );}.elementor-widget-button .elementor-button{font-size:var( --e-global-typography-accent-font-size );line-height:var( --e-global-typography-accent-line-height );letter-spacing:var( --e-global-typography-accent-letter-spacing );}}\/* Start custom CSS for container, class: .elementor-element-a8de38a *\/.elementor-468 .elementor-element.elementor-element-a8de38a{\n    background-size: contain !important;\n    background-repeat: no-repeat !important;\n    background-position: center !important;\n}\/* End custom CSS *\/\n\/* Start custom CSS for button, class: .elementor-element-4220ffa *\/.elementor-468 .elementor-element.elementor-element-4220ffa{\n    path{\n        fill:#fff\n    }\n}\/* End custom CSS *\/<\/style>\t\t<div data-elementor-type=\"loop-item\" data-elementor-id=\"468\" class=\"elementor elementor-468 e-loop-item e-loop-item-1040 post-1040 catalogo type-catalogo status-publish has-post-thumbnail hentry categoria-offiland categoria-offiland-offiland\" data-elementor-post-type=\"elementor_library\" data-custom-edit-handle=\"1\">\n\t\t\t<div class=\"elementor-element elementor-element-3e65dba e-flex e-con-boxed e-con e-parent\" data-id=\"3e65dba\" data-element_type=\"container\" data-e-type=\"container\">\n\t\t\t\t\t<div class=\"e-con-inner\">\n\t\t<a class=\"elementor-element elementor-element-a8de38a e-con-full e-flex e-con e-child\" data-id=\"a8de38a\" data-element_type=\"container\" data-e-type=\"container\" data-settings=\"{&quot;background_background&quot;:&quot;classic&quot;}\" href=\"https:\/\/navitek.com.mx\/en\/catalogo\/cinta-para-empaque-acrilica-offiland-o-41\/\">\n\t\t\t\t<\/a>\n\t\t<div class=\"elementor-element elementor-element-3b54167 e-con-full e-flex e-con e-child\" data-id=\"3b54167\" data-element_type=\"container\" data-e-type=\"container\" data-settings=\"{&quot;background_background&quot;:&quot;classic&quot;}\">\n\t\t\t\t<div class=\"elementor-element elementor-element-657d5d4 elementor-widget elementor-widget-heading\" data-id=\"657d5d4\" data-element_type=\"widget\" data-e-type=\"widget\" data-widget_type=\"heading.default\">\n\t\t\t\t\t<span class=\"elementor-heading-title elementor-size-default\">Cinta para Empaque Acr\u00edlica OFFILAND\u00ae O-41<\/span>\t\t\t\t<\/div>\n\t\t\t\t<div class=\"elementor-element elementor-element-4220ffa elementor-align-justify elementor-widget elementor-widget-button\" data-id=\"4220ffa\" data-element_type=\"widget\" data-e-type=\"widget\" data-widget_type=\"button.default\">\n\t\t\t\t\t\t\t\t\t\t<a class=\"elementor-button elementor-button-link elementor-size-sm\" href=\"https:\/\/navitek.com.mx\/en\/catalogo\/cinta-para-empaque-acrilica-offiland-o-41\/\">\n\t\t\t\t\t\t<span class=\"elementor-button-content-wrapper\">\n\t\t\t\t\t\t<span class=\"elementor-button-icon\">\n\t\t\t\t<svg xmlns=\"http:\/\/www.w3.org\/2000\/svg\" width=\"10\" height=\"12\" viewBox=\"0 0 10 12\" fill=\"none\"><path fill-rule=\"evenodd\" clip-rule=\"evenodd\" d=\"M4.43582 0L9.82169 5.72444C9.88942 5.79642 9.92771 5.89596 9.92771 6C9.92771 6.10404 9.88942 6.20358 9.82169 6.27556L4.43582 12L3.9598 11.4489L8.72735 6.38162L0 6.38164V5.61838H8.72735L3.9598 0.551116L4.43582 0Z\" fill=\"#0C0C0C\"><\/path><\/svg>\t\t\t<\/span>\n\t\t\t\t\t\t\t\t\t<span class=\"elementor-button-text\">Ver producto<\/span>\n\t\t\t\t\t<\/span>\n\t\t\t\t\t<\/a>\n\t\t\t\t\t\t\t\t<\/div>\n\t\t\t\t<\/div>\n\t\t\t\t\t<\/div>\n\t\t\t\t<\/div>\n\t\t\t\t<\/div>\n\t\t<style id=\"loop-dynamic-468\">.e-loop-item-1025 .elementor-element.elementor-element-a8de38a:not(.elementor-motion-effects-element-type-background), .e-loop-item-1025 .elementor-element.elementor-element-a8de38a > .elementor-motion-effects-container > .elementor-motion-effects-layer{background-image:url(\"https:\/\/navitek.com.mx\/wp-content\/uploads\/2026\/01\/OFFILAND_HOT-MELT_CHAROLA_CLEAR_48X137-scaled.jpg\");}<\/style>\t\t<div data-elementor-type=\"loop-item\" data-elementor-id=\"468\" class=\"elementor elementor-468 e-loop-item e-loop-item-1025 post-1025 catalogo type-catalogo status-publish has-post-thumbnail hentry categoria-offiland categoria-offiland-offiland\" data-elementor-post-type=\"elementor_library\" data-custom-edit-handle=\"1\">\n\t\t\t<div class=\"elementor-element elementor-element-3e65dba e-flex e-con-boxed e-con e-parent\" data-id=\"3e65dba\" data-element_type=\"container\" data-e-type=\"container\">\n\t\t\t\t\t<div class=\"e-con-inner\">\n\t\t<a class=\"elementor-element elementor-element-a8de38a e-con-full e-flex e-con e-child\" data-id=\"a8de38a\" data-element_type=\"container\" data-e-type=\"container\" data-settings=\"{&quot;background_background&quot;:&quot;classic&quot;}\" href=\"https:\/\/navitek.com.mx\/en\/catalogo\/cinta-para-empaque-hot-melt-offiland-o-56\/\">\n\t\t\t\t<\/a>\n\t\t<div class=\"elementor-element elementor-element-3b54167 e-con-full e-flex e-con e-child\" data-id=\"3b54167\" data-element_type=\"container\" data-e-type=\"container\" data-settings=\"{&quot;background_background&quot;:&quot;classic&quot;}\">\n\t\t\t\t<div class=\"elementor-element elementor-element-657d5d4 elementor-widget elementor-widget-heading\" data-id=\"657d5d4\" data-element_type=\"widget\" data-e-type=\"widget\" data-widget_type=\"heading.default\">\n\t\t\t\t\t<span class=\"elementor-heading-title elementor-size-default\">Cinta Para Empaque Hot Melt OFFILAND\u00ae O-56<\/span>\t\t\t\t<\/div>\n\t\t\t\t<div class=\"elementor-element elementor-element-4220ffa elementor-align-justify elementor-widget elementor-widget-button\" data-id=\"4220ffa\" data-element_type=\"widget\" data-e-type=\"widget\" data-widget_type=\"button.default\">\n\t\t\t\t\t\t\t\t\t\t<a class=\"elementor-button elementor-button-link elementor-size-sm\" href=\"https:\/\/navitek.com.mx\/en\/catalogo\/cinta-para-empaque-hot-melt-offiland-o-56\/\">\n\t\t\t\t\t\t<span class=\"elementor-button-content-wrapper\">\n\t\t\t\t\t\t<span class=\"elementor-button-icon\">\n\t\t\t\t<svg xmlns=\"http:\/\/www.w3.org\/2000\/svg\" width=\"10\" height=\"12\" viewBox=\"0 0 10 12\" fill=\"none\"><path fill-rule=\"evenodd\" clip-rule=\"evenodd\" d=\"M4.43582 0L9.82169 5.72444C9.88942 5.79642 9.92771 5.89596 9.92771 6C9.92771 6.10404 9.88942 6.20358 9.82169 6.27556L4.43582 12L3.9598 11.4489L8.72735 6.38162L0 6.38164V5.61838H8.72735L3.9598 0.551116L4.43582 0Z\" fill=\"#0C0C0C\"><\/path><\/svg>\t\t\t<\/span>\n\t\t\t\t\t\t\t\t\t<span class=\"elementor-button-text\">Ver producto<\/span>\n\t\t\t\t\t<\/span>\n\t\t\t\t\t<\/a>\n\t\t\t\t\t\t\t\t<\/div>\n\t\t\t\t<\/div>\n\t\t\t\t\t<\/div>\n\t\t\t\t<\/div>\n\t\t\t\t<\/div>\n\t\t<style id=\"loop-dynamic-468\">.e-loop-item-1035 .elementor-element.elementor-element-a8de38a:not(.elementor-motion-effects-element-type-background), .e-loop-item-1035 .elementor-element.elementor-element-a8de38a > .elementor-motion-effects-container > .elementor-motion-effects-layer{background-image:url(\"https:\/\/navitek.com.mx\/wp-content\/uploads\/2026\/01\/O-41_MASKINGTAPE_GENERAL.jpg\");}<\/style>\t\t<div data-elementor-type=\"loop-item\" data-elementor-id=\"468\" class=\"elementor elementor-468 e-loop-item e-loop-item-1035 post-1035 catalogo type-catalogo status-publish has-post-thumbnail hentry categoria-offiland categoria-offiland-offiland\" data-elementor-post-type=\"elementor_library\" data-custom-edit-handle=\"1\">\n\t\t\t<div class=\"elementor-element elementor-element-3e65dba e-flex e-con-boxed e-con e-parent\" data-id=\"3e65dba\" data-element_type=\"container\" data-e-type=\"container\">\n\t\t\t\t\t<div class=\"e-con-inner\">\n\t\t<a class=\"elementor-element elementor-element-a8de38a e-con-full e-flex e-con e-child\" data-id=\"a8de38a\" data-element_type=\"container\" data-e-type=\"container\" data-settings=\"{&quot;background_background&quot;:&quot;classic&quot;}\" href=\"https:\/\/navitek.com.mx\/en\/catalogo\/masking-tape-offiland-o-90\/\">\n\t\t\t\t<\/a>\n\t\t<div class=\"elementor-element elementor-element-3b54167 e-con-full e-flex e-con e-child\" data-id=\"3b54167\" data-element_type=\"container\" data-e-type=\"container\" data-settings=\"{&quot;background_background&quot;:&quot;classic&quot;}\">\n\t\t\t\t<div class=\"elementor-element elementor-element-657d5d4 elementor-widget elementor-widget-heading\" data-id=\"657d5d4\" data-element_type=\"widget\" data-e-type=\"widget\" data-widget_type=\"heading.default\">\n\t\t\t\t\t<span class=\"elementor-heading-title elementor-size-default\">Masking Tape OFFILAND\u00ae O-90 \u200b<\/span>\t\t\t\t<\/div>\n\t\t\t\t<div class=\"elementor-element elementor-element-4220ffa elementor-align-justify elementor-widget elementor-widget-button\" data-id=\"4220ffa\" data-element_type=\"widget\" data-e-type=\"widget\" data-widget_type=\"button.default\">\n\t\t\t\t\t\t\t\t\t\t<a class=\"elementor-button elementor-button-link elementor-size-sm\" href=\"https:\/\/navitek.com.mx\/en\/catalogo\/masking-tape-offiland-o-90\/\">\n\t\t\t\t\t\t<span class=\"elementor-button-content-wrapper\">\n\t\t\t\t\t\t<span class=\"elementor-button-icon\">\n\t\t\t\t<svg xmlns=\"http:\/\/www.w3.org\/2000\/svg\" width=\"10\" height=\"12\" viewBox=\"0 0 10 12\" fill=\"none\"><path fill-rule=\"evenodd\" clip-rule=\"evenodd\" d=\"M4.43582 0L9.82169 5.72444C9.88942 5.79642 9.92771 5.89596 9.92771 6C9.92771 6.10404 9.88942 6.20358 9.82169 6.27556L4.43582 12L3.9598 11.4489L8.72735 6.38162L0 6.38164V5.61838H8.72735L3.9598 0.551116L4.43582 0Z\" fill=\"#0C0C0C\"><\/path><\/svg>\t\t\t<\/span>\n\t\t\t\t\t\t\t\t\t<span class=\"elementor-button-text\">Ver producto<\/span>\n\t\t\t\t\t<\/span>\n\t\t\t\t\t<\/a>\n\t\t\t\t\t\t\t\t<\/div>\n\t\t\t\t<\/div>\n\t\t\t\t\t<\/div>\n\t\t\t\t<\/div>\n\t\t\t\t<\/div>\n\t\t<style id=\"loop-dynamic-468\">.e-loop-item-1030 .elementor-element.elementor-element-a8de38a:not(.elementor-motion-effects-element-type-background), .e-loop-item-1030 .elementor-element.elementor-element-a8de38a > .elementor-motion-effects-container > .elementor-motion-effects-layer{background-image:url(\"https:\/\/navitek.com.mx\/wp-content\/uploads\/2026\/01\/O_180_CINTA_DUCTO.jpg\");}<\/style>\t\t<div data-elementor-type=\"loop-item\" data-elementor-id=\"468\" class=\"elementor elementor-468 e-loop-item e-loop-item-1030 post-1030 catalogo type-catalogo status-publish has-post-thumbnail hentry categoria-offiland categoria-offiland-offiland\" data-elementor-post-type=\"elementor_library\" data-custom-edit-handle=\"1\">\n\t\t\t<div class=\"elementor-element elementor-element-3e65dba e-flex e-con-boxed e-con e-parent\" data-id=\"3e65dba\" data-element_type=\"container\" data-e-type=\"container\">\n\t\t\t\t\t<div class=\"e-con-inner\">\n\t\t<a class=\"elementor-element elementor-element-a8de38a e-con-full e-flex e-con e-child\" data-id=\"a8de38a\" data-element_type=\"container\" data-e-type=\"container\" data-settings=\"{&quot;background_background&quot;:&quot;classic&quot;}\" href=\"https:\/\/navitek.com.mx\/en\/catalogo\/cinta-para-ducto-offiland-o-180\/\">\n\t\t\t\t<\/a>\n\t\t<div class=\"elementor-element elementor-element-3b54167 e-con-full e-flex e-con e-child\" data-id=\"3b54167\" data-element_type=\"container\" data-e-type=\"container\" data-settings=\"{&quot;background_background&quot;:&quot;classic&quot;}\">\n\t\t\t\t<div class=\"elementor-element elementor-element-657d5d4 elementor-widget elementor-widget-heading\" data-id=\"657d5d4\" data-element_type=\"widget\" data-e-type=\"widget\" data-widget_type=\"heading.default\">\n\t\t\t\t\t<span class=\"elementor-heading-title elementor-size-default\">Cinta para Ducto OFFILAND\u00ae O-180<\/span>\t\t\t\t<\/div>\n\t\t\t\t<div class=\"elementor-element elementor-element-4220ffa elementor-align-justify elementor-widget elementor-widget-button\" data-id=\"4220ffa\" data-element_type=\"widget\" data-e-type=\"widget\" data-widget_type=\"button.default\">\n\t\t\t\t\t\t\t\t\t\t<a class=\"elementor-button elementor-button-link elementor-size-sm\" href=\"https:\/\/navitek.com.mx\/en\/catalogo\/cinta-para-ducto-offiland-o-180\/\">\n\t\t\t\t\t\t<span class=\"elementor-button-content-wrapper\">\n\t\t\t\t\t\t<span class=\"elementor-button-icon\">\n\t\t\t\t<svg xmlns=\"http:\/\/www.w3.org\/2000\/svg\" width=\"10\" height=\"12\" viewBox=\"0 0 10 12\" fill=\"none\"><path fill-rule=\"evenodd\" clip-rule=\"evenodd\" d=\"M4.43582 0L9.82169 5.72444C9.88942 5.79642 9.92771 5.89596 9.92771 6C9.92771 6.10404 9.88942 6.20358 9.82169 6.27556L4.43582 12L3.9598 11.4489L8.72735 6.38162L0 6.38164V5.61838H8.72735L3.9598 0.551116L4.43582 0Z\" fill=\"#0C0C0C\"><\/path><\/svg>\t\t\t<\/span>\n\t\t\t\t\t\t\t\t\t<span class=\"elementor-button-text\">Ver producto<\/span>\n\t\t\t\t\t<\/span>\n\t\t\t\t\t<\/a>\n\t\t\t\t\t\t\t\t<\/div>\n\t\t\t\t<\/div>\n\t\t\t\t\t<\/div>\n\t\t\t\t<\/div>\n\t\t\t\t<\/div>\n\t\t\t\t<\/div>\n\t\t\n\t\t\t\t\t\t<\/div>\n\t\t\t\t<\/div>\n\t\t\t\t\t<\/div>\n\t\t\t\t<\/div>\n\t\t\t\t<\/div>\n\t\t","protected":false},"excerpt":{"rendered":"<p>NAVITEK \u2013 OUR PRODUCTS Offiland Furniture and ergonomic solutions for modern workspaces. Functional designs that prioritize comfort, productivity, and proper organization of the work environment.<\/p>","protected":false},"author":1,"featured_media":0,"parent":0,"menu_order":0,"comment_status":"closed","ping_status":"closed","template":"elementor_header_footer","meta":{"footnotes":""},"class_list":["post-1120","page","type-page","status-publish","hentry"],"_links":{"self":[{"href":"https:\/\/navitek.com.mx\/en\/wp-json\/wp\/v2\/pages\/1120","targetHints":{"allow":["GET"]}}],"collection":[{"href":"https:\/\/navitek.com.mx\/en\/wp-json\/wp\/v2\/pages"}],"about":[{"href":"https:\/\/navitek.com.mx\/en\/wp-json\/wp\/v2\/types\/page"}],"author":[{"embeddable":true,"href":"https:\/\/navitek.com.mx\/en\/wp-json\/wp\/v2\/users\/1"}],"replies":[{"embeddable":true,"href":"https:\/\/navitek.com.mx\/en\/wp-json\/wp\/v2\/comments?post=1120"}],"version-history":[{"count":17,"href":"https:\/\/navitek.com.mx\/en\/wp-json\/wp\/v2\/pages\/1120\/revisions"}],"predecessor-version":[{"id":2022,"href":"https:\/\/navitek.com.mx\/en\/wp-json\/wp\/v2\/pages\/1120\/revisions\/2022"}],"wp:attachment":[{"href":"https:\/\/navitek.com.mx\/en\/wp-json\/wp\/v2\/media?parent=1120"}],"curies":[{"name":"wp","href":"https:\/\/api.w.org\/{rel}","templated":true}]}}