{"id":1613,"date":"2026-01-13T19:57:42","date_gmt":"2026-01-13T19:57:42","guid":{"rendered":"https:\/\/navitek.mx\/?page_id=1613"},"modified":"2026-01-16T14:40:42","modified_gmt":"2026-01-16T14:40:42","slug":"uso-de-cookies","status":"publish","type":"page","link":"https:\/\/navitek.com.mx\/en\/uso-de-cookies\/","title":{"rendered":"Use of cookies"},"content":{"rendered":"<div data-elementor-type=\"wp-page\" data-elementor-id=\"1613\" class=\"elementor elementor-1613\" data-elementor-post-type=\"page\">\n\t\t\t\t<div class=\"elementor-element elementor-element-90fc1bb e-flex e-con-boxed e-con e-parent\" data-id=\"90fc1bb\" data-element_type=\"container\" data-e-type=\"container\" data-settings=\"{&quot;background_background&quot;:&quot;classic&quot;}\">\n\t\t\t\t\t<div class=\"e-con-inner\">\n\t\t\t\t<div class=\"elementor-element elementor-element-52f8d69 elementor-widget elementor-widget-heading\" data-id=\"52f8d69\" data-element_type=\"widget\" data-e-type=\"widget\" data-widget_type=\"heading.default\">\n\t\t\t\t\t<span class=\"elementor-heading-title elementor-size-default\">NAVITEK<\/span>\t\t\t\t<\/div>\n\t\t\t\t<div class=\"elementor-element elementor-element-947226a elementor-widget__width-initial elementor-widget elementor-widget-heading\" data-id=\"947226a\" data-element_type=\"widget\" data-e-type=\"widget\" data-widget_type=\"heading.default\">\n\t\t\t\t\t<h1 class=\"elementor-heading-title elementor-size-default\">Use of cookies<\/h1>\t\t\t\t<\/div>\n\t\t\t\t\t<\/div>\n\t\t\t\t<\/div>\n\t\t<div class=\"elementor-element elementor-element-c47e5b2 e-flex e-con-boxed e-con e-parent\" data-id=\"c47e5b2\" data-element_type=\"container\" data-e-type=\"container\">\n\t\t\t\t\t<div class=\"e-con-inner\">\n\t\t\t\t<div class=\"elementor-element elementor-element-5e853f1 elementor-widget elementor-widget-text-editor\" data-id=\"5e853f1\" data-element_type=\"widget\" data-e-type=\"widget\" data-widget_type=\"text-editor.default\">\n\t\t\t\t\t\t\t\t\t<p>This website uses cookies and similar technologies to improve your browsing experience and analyze site usage through tools such as Google Analytics.<\/p><p>Cookies are small files that are stored on your device when you visit a website and allow it to remember information about your browsing, such as pages visited or preferences.<\/p><p>We may use the following types of cookies: strictly necessary cookies, which are essential for the basic operation of the website, and analytics cookies (Google Analytics), which allow us to obtain statistical information about website usage in order to improve its content and<br \/>operation.<\/p><p>Cookies may collect data such as IP address, browser type, operating system, pages visited, and browsing date and time. When this data is considered personal, it will be processed in accordance with our Privacy Notice.<\/p><p>You can configure your browser to accept, reject, or delete cookies. Disabling some cookies may affect the website&#039;s functionality.<\/p><p>By continuing to use our website or by clicking \u201cAccept\u201d, you consent to the use of cookies as set out in this Cookie Notice.<\/p><p>We may update this Cookie Notice at any time. Changes will be available in this same section of the website.<\/p>\t\t\t\t\t\t\t\t<\/div>\n\t\t\t\t\t<\/div>\n\t\t\t\t<\/div>\n\t\t\t\t<\/div>","protected":false},"excerpt":{"rendered":"<p>NAVITEK Uso de cookies Este sitio web utiliza cookies y tecnolog\u00edas similares con la finalidad de mejorar su experiencia de navegaci\u00f3n y analizar el uso del sitio mediante herramientas como Google Analytics. Las cookies son archivos peque\u00f1os que se almacenan en su dispositivo cuando visita un sitio web y permiten recordar informaci\u00f3n sobre su navegaci\u00f3n, [&hellip;]<\/p>\n","protected":false},"author":1,"featured_media":0,"parent":0,"menu_order":0,"comment_status":"closed","ping_status":"closed","template":"elementor_header_footer","meta":{"footnotes":""},"class_list":["post-1613","page","type-page","status-publish","hentry"],"_links":{"self":[{"href":"https:\/\/navitek.com.mx\/en\/wp-json\/wp\/v2\/pages\/1613","targetHints":{"allow":["GET"]}}],"collection":[{"href":"https:\/\/navitek.com.mx\/en\/wp-json\/wp\/v2\/pages"}],"about":[{"href":"https:\/\/navitek.com.mx\/en\/wp-json\/wp\/v2\/types\/page"}],"author":[{"embeddable":true,"href":"https:\/\/navitek.com.mx\/en\/wp-json\/wp\/v2\/users\/1"}],"replies":[{"embeddable":true,"href":"https:\/\/navitek.com.mx\/en\/wp-json\/wp\/v2\/comments?post=1613"}],"version-history":[{"count":7,"href":"https:\/\/navitek.com.mx\/en\/wp-json\/wp\/v2\/pages\/1613\/revisions"}],"predecessor-version":[{"id":1800,"href":"https:\/\/navitek.com.mx\/en\/wp-json\/wp\/v2\/pages\/1613\/revisions\/1800"}],"wp:attachment":[{"href":"https:\/\/navitek.com.mx\/en\/wp-json\/wp\/v2\/media?parent=1613"}],"curies":[{"name":"wp","href":"https:\/\/api.w.org\/{rel}","templated":true}]}}