{"id":392,"date":"2025-12-11T15:49:53","date_gmt":"2025-12-11T15:49:53","guid":{"rendered":"https:\/\/navitek.mx\/?page_id=392"},"modified":"2026-01-29T00:14:16","modified_gmt":"2026-01-29T00:14:16","slug":"catalogos","status":"publish","type":"page","link":"https:\/\/navitek.com.mx\/en\/catalogos\/","title":{"rendered":"Catalogs"},"content":{"rendered":"<div data-elementor-type=\"wp-page\" data-elementor-id=\"392\" class=\"elementor elementor-392\" data-elementor-post-type=\"page\">\n\t\t\t\t<div class=\"elementor-element elementor-element-7a730cf e-flex e-con-boxed e-con e-parent\" data-id=\"7a730cf\" data-element_type=\"container\" data-e-type=\"container\" data-settings=\"{&quot;background_background&quot;:&quot;classic&quot;}\">\n\t\t\t\t\t<div class=\"e-con-inner\">\n\t\t\t\t<div class=\"elementor-element elementor-element-d0b6a70 elementor-widget elementor-widget-heading\" data-id=\"d0b6a70\" data-element_type=\"widget\" data-e-type=\"widget\" data-widget_type=\"heading.default\">\n\t\t\t\t\t<span class=\"elementor-heading-title elementor-size-default\">NAVITEK<\/span>\t\t\t\t<\/div>\n\t\t\t\t<div class=\"elementor-element elementor-element-793c07a elementor-widget__width-initial elementor-widget elementor-widget-heading\" data-id=\"793c07a\" data-element_type=\"widget\" data-e-type=\"widget\" data-widget_type=\"heading.default\">\n\t\t\t\t\t<h1 class=\"elementor-heading-title elementor-size-default\">Our Catalogues<\/h1>\t\t\t\t<\/div>\n\t\t\t\t<div class=\"elementor-element elementor-element-a81fc44 elementor-widget__width-initial elementor-widget elementor-widget-text-editor\" data-id=\"a81fc44\" data-element_type=\"widget\" data-e-type=\"widget\" data-widget_type=\"text-editor.default\">\n\t\t\t\t\t\t\t\t\t<p>Discover our wide range of adhesive tape solutions for industrial, commercial, and office applications. Explore our specialized catalogs and find the ideal product to suit your specific needs.<\/p>\t\t\t\t\t\t\t\t<\/div>\n\t\t\t\t\t<\/div>\n\t\t\t\t<\/div>\n\t\t<div class=\"elementor-element elementor-element-805a5c2 e-flex e-con-boxed e-con e-parent\" data-id=\"805a5c2\" data-element_type=\"container\" data-e-type=\"container\">\n\t\t\t\t\t<div class=\"e-con-inner\">\n\t\t<div class=\"elementor-element elementor-element-4250dbb e-con-full e-flex e-con e-child\" data-id=\"4250dbb\" data-element_type=\"container\" data-e-type=\"container\">\n\t\t<div class=\"elementor-element elementor-element-f54ec2b e-con-full e-flex e-con e-child\" data-id=\"f54ec2b\" data-element_type=\"container\" data-e-type=\"container\" data-settings=\"{&quot;background_background&quot;:&quot;classic&quot;}\">\n\t\t<div class=\"elementor-element elementor-element-65e0a74 e-con-full e-flex e-con e-child\" data-id=\"65e0a74\" data-element_type=\"container\" data-e-type=\"container\" data-settings=\"{&quot;background_background&quot;:&quot;classic&quot;}\">\n\t\t\t\t<div class=\"elementor-element elementor-element-303e572 elementor-widget elementor-widget-shortcode\" data-id=\"303e572\" data-element_type=\"widget\" data-e-type=\"widget\" data-widget_type=\"shortcode.default\">\n\t\t\t\t\t\t\t<div class=\"elementor-shortcode\"><div class=\"_df_thumb\" id=\"df_2127\"  _slug=\"catalogo-de-productos\" data-title=\"catalogo-de-productos\" wpoptions=\"true\" thumb=\"https:\/\/navitek.com.mx\/wp-content\/uploads\/2026\/01\/Captura-de-pantalla-2026-01-28-a-las-5.12.58-p.m.png\" thumbtype=\"\" >Product catalog<\/div><script class=\"df-shortcode-script\" nowprocket type=\"application\/javascript\">window.option_df_2127 = {\"outline\":[],\"autoEnableOutline\":\"false\",\"autoEnableThumbnail\":\"false\",\"overwritePDFOutline\":\"false\",\"direction\":\"1\",\"pageSize\":\"0\",\"source\":\"https:\\\/\\\/navitek.com.mx\\\/wp-content\\\/uploads\\\/2026\\\/01\\\/CATALOGO-NAVITEK-2026_compressed.pdf\",\"wpOptions\":\"true\"}; if(window.DFLIP && window.DFLIP.parseBooks){window.DFLIP.parseBooks();}<\/script><\/div>\n\t\t\t\t\t\t<\/div>\n\t\t\t\t<\/div>\n\t\t\t\t<div class=\"elementor-element elementor-element-d1bf7b4 elementor-widget elementor-widget-heading\" data-id=\"d1bf7b4\" data-element_type=\"widget\" data-e-type=\"widget\" data-widget_type=\"heading.default\">\n\t\t\t\t\t<h2 class=\"elementor-heading-title elementor-size-default\">Product catalog<\/h2>\t\t\t\t<\/div>\n\t\t\t\t<\/div>\n\t\t\t\t<\/div>\n\t\t<div class=\"elementor-element elementor-element-2dff9ff e-con-full e-flex e-con e-child\" data-id=\"2dff9ff\" data-element_type=\"container\" data-e-type=\"container\">\n\t\t<div class=\"elementor-element elementor-element-9df54ab e-con-full e-flex e-con e-child\" data-id=\"9df54ab\" data-element_type=\"container\" data-e-type=\"container\" data-settings=\"{&quot;background_background&quot;:&quot;classic&quot;}\">\n\t\t<div class=\"elementor-element elementor-element-3e59469 e-con-full e-flex e-con e-child\" data-id=\"3e59469\" data-element_type=\"container\" data-e-type=\"container\" data-settings=\"{&quot;background_background&quot;:&quot;classic&quot;}\">\n\t\t\t\t<div class=\"elementor-element elementor-element-2efaf79 elementor-widget elementor-widget-shortcode\" data-id=\"2efaf79\" data-element_type=\"widget\" data-e-type=\"widget\" data-widget_type=\"shortcode.default\">\n\t\t\t\t\t\t\t<div class=\"elementor-shortcode\"><div class=\"_df_thumb\" id=\"df_2102\"  _slug=\"catalogo-de-productos-de-papeleria-y-oficina\" data-title=\"catalogo-de-productos-de-papeleria-y-oficina\" wpoptions=\"true\" thumb=\"https:\/\/navitek.com.mx\/wp-content\/uploads\/2026\/01\/Captura-de-pantalla-2026-01-28-a-las-4.49.31-p.m.png\" thumbtype=\"\" >Stationery and Office Products Catalog<\/div><script class=\"df-shortcode-script\" nowprocket type=\"application\/javascript\">window.option_df_2102 = {\"outline\":[],\"autoEnableOutline\":\"false\",\"autoEnableThumbnail\":\"false\",\"overwritePDFOutline\":\"false\",\"direction\":\"1\",\"pageSize\":\"0\",\"source\":\"https:\\\/\\\/navitek.com.mx\\\/wp-content\\\/uploads\\\/2026\\\/01\\\/CATALOGO-PAPELERIA-2026_web.pdf\",\"wpOptions\":\"true\"}; if(window.DFLIP && window.DFLIP.parseBooks){window.DFLIP.parseBooks();}<\/script><\/div>\n\t\t\t\t\t\t<\/div>\n\t\t\t\t<div class=\"elementor-element elementor-element-d64002e elementor-widget elementor-widget-heading\" data-id=\"d64002e\" data-element_type=\"widget\" data-e-type=\"widget\" data-widget_type=\"heading.default\">\n\t\t\t\t\t<h2 class=\"elementor-heading-title elementor-size-default\">Stationery and Office Products Catalog<\/h2>\t\t\t\t<\/div>\n\t\t\t\t<\/div>\n\t\t\t\t<\/div>\n\t\t<div class=\"elementor-element elementor-element-c2a8f5e e-con-full e-flex e-con e-child\" data-id=\"c2a8f5e\" data-element_type=\"container\" data-e-type=\"container\" data-settings=\"{&quot;background_background&quot;:&quot;classic&quot;}\">\n\t\t<div class=\"elementor-element elementor-element-8e7d3e3 e-con-full e-flex e-con e-child\" data-id=\"8e7d3e3\" data-element_type=\"container\" data-e-type=\"container\" data-settings=\"{&quot;background_background&quot;:&quot;classic&quot;}\">\n\t\t\t\t<div class=\"elementor-element elementor-element-843ccc1 elementor-widget elementor-widget-shortcode\" data-id=\"843ccc1\" data-element_type=\"widget\" data-e-type=\"widget\" data-widget_type=\"shortcode.default\">\n\t\t\t\t\t\t\t<div class=\"elementor-shortcode\"><div class=\"_df_thumb\" id=\"df_2109\"  _slug=\"catalogo-de-productos-ferretero\" data-title=\"catalogo-de-productos-ferretero\" wpoptions=\"true\" thumb=\"https:\/\/navitek.com.mx\/wp-content\/uploads\/2026\/01\/Captura-de-pantalla-2026-01-28-a-las-4.57.56-p.m.png\" thumbtype=\"\" >Hardware Store Product Catalog<\/div><script class=\"df-shortcode-script\" nowprocket type=\"application\/javascript\">window.option_df_2109 = {\"outline\":[],\"autoEnableOutline\":\"false\",\"autoEnableThumbnail\":\"false\",\"overwritePDFOutline\":\"false\",\"direction\":\"1\",\"pageSize\":\"0\",\"source\":\"https:\\\/\\\/navitek.com.mx\\\/wp-content\\\/uploads\\\/2026\\\/01\\\/CATALOGO-FERRETERO-2026_.pdf\",\"wpOptions\":\"true\"}; if(window.DFLIP && window.DFLIP.parseBooks){window.DFLIP.parseBooks();}<\/script><\/div>\n\t\t\t\t\t\t<\/div>\n\t\t\t\t<\/div>\n\t\t\t\t<div class=\"elementor-element elementor-element-0607e4d elementor-widget elementor-widget-heading\" data-id=\"0607e4d\" data-element_type=\"widget\" data-e-type=\"widget\" data-widget_type=\"heading.default\">\n\t\t\t\t\t<h2 class=\"elementor-heading-title elementor-size-default\">Hardware Store Product Catalog<\/h2>\t\t\t\t<\/div>\n\t\t\t\t<\/div>\n\t\t<div class=\"elementor-element elementor-element-0f530f5 e-con-full e-flex e-con e-child\" data-id=\"0f530f5\" data-element_type=\"container\" data-e-type=\"container\" data-settings=\"{&quot;background_background&quot;:&quot;classic&quot;}\">\n\t\t<div class=\"elementor-element elementor-element-a97ecf0 e-con-full e-flex e-con e-child\" data-id=\"a97ecf0\" data-element_type=\"container\" data-e-type=\"container\" data-settings=\"{&quot;background_background&quot;:&quot;classic&quot;}\">\n\t\t\t\t<div class=\"elementor-element elementor-element-3779454 elementor-widget elementor-widget-shortcode\" data-id=\"3779454\" data-element_type=\"widget\" data-e-type=\"widget\" data-widget_type=\"shortcode.default\">\n\t\t\t\t\t\t\t<div class=\"elementor-shortcode\"><div class=\"_df_thumb\" id=\"df_2112\"  _slug=\"catalogo-de-productos-para-la-industria\" data-title=\"catalogo-de-productos-para-la-industria\" wpoptions=\"true\" thumb=\"https:\/\/navitek.com.mx\/wp-content\/uploads\/2026\/01\/Captura-de-pantalla-2026-01-28-a-las-5.00.21-p.m.png\" thumbtype=\"\" >Product catalog for the Industry<\/div><script class=\"df-shortcode-script\" nowprocket type=\"application\/javascript\">window.option_df_2112 = {\"outline\":[],\"height\":\"auto\",\"autoEnableOutline\":\"false\",\"autoEnableThumbnail\":\"false\",\"overwritePDFOutline\":\"false\",\"direction\":\"1\",\"pageSize\":\"0\",\"source\":\"https:\\\/\\\/navitek.com.mx\\\/wp-content\\\/uploads\\\/2026\\\/01\\\/CATALOGO-INDUSTRIA-2026_web.pdf\",\"wpOptions\":\"true\"}; if(window.DFLIP && window.DFLIP.parseBooks){window.DFLIP.parseBooks();}<\/script><\/div>\n\t\t\t\t\t\t<\/div>\n\t\t\t\t<\/div>\n\t\t\t\t<div class=\"elementor-element elementor-element-93e5146 elementor-widget elementor-widget-heading\" data-id=\"93e5146\" data-element_type=\"widget\" data-e-type=\"widget\" data-widget_type=\"heading.default\">\n\t\t\t\t\t<h2 class=\"elementor-heading-title elementor-size-default\">Product catalog for the Industry<\/h2>\t\t\t\t<\/div>\n\t\t\t\t<\/div>\n\t\t<div class=\"elementor-element elementor-element-2c4b10f e-con-full e-flex e-con e-child\" data-id=\"2c4b10f\" data-element_type=\"container\" data-e-type=\"container\" data-settings=\"{&quot;background_background&quot;:&quot;classic&quot;}\">\n\t\t<div class=\"elementor-element elementor-element-e242277 e-con-full e-flex e-con e-child\" data-id=\"e242277\" data-element_type=\"container\" data-e-type=\"container\" data-settings=\"{&quot;background_background&quot;:&quot;classic&quot;}\">\n\t\t\t\t<div class=\"elementor-element elementor-element-6b5c10d elementor-widget elementor-widget-shortcode\" data-id=\"6b5c10d\" data-element_type=\"widget\" data-e-type=\"widget\" data-widget_type=\"shortcode.default\">\n\t\t\t\t\t\t\t<div class=\"elementor-shortcode\"><div class=\"_df_thumb\" id=\"df_2076\"  _slug=\"2076\" data-title=\"catalogo-de-productos-impresores\" wpoptions=\"true\" thumb=\"https:\/\/navitek.com.mx\/wp-content\/uploads\/2026\/01\/Captura-de-pantalla-2026-01-28-a-las-4.29.45-p.m.png\" thumbtype=\"\" >Printers Product Catalog<\/div><script class=\"df-shortcode-script\" nowprocket type=\"application\/javascript\">window.option_df_2076 = {\"outline\":[],\"height\":\"1000px\",\"autoEnableOutline\":\"false\",\"autoEnableThumbnail\":\"false\",\"overwritePDFOutline\":\"false\",\"direction\":\"1\",\"pageSize\":\"0\",\"source\":\"https:\\\/\\\/navitek.com.mx\\\/wp-content\\\/uploads\\\/2026\\\/01\\\/CATALOGO-IMPRESORES-2026_web.pdf\",\"wpOptions\":\"true\"}; if(window.DFLIP && window.DFLIP.parseBooks){window.DFLIP.parseBooks();}<\/script><\/div>\n\t\t\t\t\t\t<\/div>\n\t\t\t\t<\/div>\n\t\t\t\t<div class=\"elementor-element elementor-element-b35f2af elementor-widget elementor-widget-heading\" data-id=\"b35f2af\" data-element_type=\"widget\" data-e-type=\"widget\" data-widget_type=\"heading.default\">\n\t\t\t\t\t<h2 class=\"elementor-heading-title elementor-size-default\">Printers Product Catalog<\/h2>\t\t\t\t<\/div>\n\t\t\t\t<\/div>\n\t\t\t\t<\/div>\n\t\t\t\t\t<\/div>\n\t\t\t\t<\/div>\n\t\t<div class=\"elementor-element elementor-element-550b348 e-flex e-con-boxed e-con e-parent\" data-id=\"550b348\" data-element_type=\"container\" data-e-type=\"container\" data-settings=\"{&quot;background_background&quot;:&quot;classic&quot;}\">\n\t\t\t\t\t<div class=\"e-con-inner\">\n\t\t<div class=\"elementor-element elementor-element-a4604e1 e-con-full e-flex e-con e-child\" data-id=\"a4604e1\" data-element_type=\"container\" data-e-type=\"container\">\n\t\t\t\t<div class=\"elementor-element elementor-element-b7827a8 elementor-widget elementor-widget-heading\" data-id=\"b7827a8\" data-element_type=\"widget\" data-e-type=\"widget\" data-widget_type=\"heading.default\">\n\t\t\t\t\t<span class=\"elementor-heading-title elementor-size-default\">Do you need a specialized adhesive solution?<\/span>\t\t\t\t<\/div>\n\t\t\t\t<div class=\"elementor-element elementor-element-45274aa elementor-widget__width-initial elementor-widget elementor-widget-heading\" data-id=\"45274aa\" data-element_type=\"widget\" data-e-type=\"widget\" data-widget_type=\"heading.default\">\n\t\t\t\t\t<h2 class=\"elementor-heading-title elementor-size-default\">Let&#039;s talk about how we can support your projects<\/h2>\t\t\t\t<\/div>\n\t\t<div class=\"elementor-element elementor-element-28da77b e-con-full e-flex e-con e-child\" data-id=\"28da77b\" data-element_type=\"container\" data-e-type=\"container\">\n\t\t\t\t<div class=\"elementor-element elementor-element-c358f75 elementor-widget elementor-widget-button\" data-id=\"c358f75\" data-element_type=\"widget\" data-e-type=\"widget\" data-widget_type=\"button.default\">\n\t\t\t\t\t\t\t\t\t\t<a class=\"elementor-button elementor-button-link elementor-size-sm\" href=\"https:\/\/navitek.com.mx\/en\/contacto\/\">\n\t\t\t\t\t\t<span class=\"elementor-button-content-wrapper\">\n\t\t\t\t\t\t\t\t\t<span class=\"elementor-button-text\">Contact us<\/span>\n\t\t\t\t\t<\/span>\n\t\t\t\t\t<\/a>\n\t\t\t\t\t\t\t\t<\/div>\n\t\t\t\t<div class=\"elementor-element elementor-element-229fef9 elementor-widget elementor-widget-button\" data-id=\"229fef9\" data-element_type=\"widget\" data-e-type=\"widget\" data-widget_type=\"button.default\">\n\t\t\t\t\t\t\t\t\t\t<a class=\"elementor-button elementor-button-link elementor-size-sm\" href=\"https:\/\/navitek.com.mx\/en\/#productos\">\n\t\t\t\t\t\t<span class=\"elementor-button-content-wrapper\">\n\t\t\t\t\t\t<span class=\"elementor-button-icon\">\n\t\t\t\t<svg xmlns=\"http:\/\/www.w3.org\/2000\/svg\" width=\"18\" height=\"18\" viewbox=\"0 0 18 18\" fill=\"none\"><path d=\"M7.68003 13.4261C6.3586 14.3918 4.5 13.448 4.5 11.8113V5.43865C4.5 3.80198 6.3586 2.85821 7.68003 3.82387L12.0403 7.01022C13.1336 7.80916 13.1336 9.44084 12.0403 10.2398L7.68003 13.4261Z\" stroke=\"#E22128\" stroke-width=\"2\" stroke-miterlimit=\"10\" stroke-linecap=\"round\" stroke-linejoin=\"round\"><\/path><\/svg>\t\t\t<\/span>\n\t\t\t\t\t\t\t\t\t<span class=\"elementor-button-text\">View Products<\/span>\n\t\t\t\t\t<\/span>\n\t\t\t\t\t<\/a>\n\t\t\t\t\t\t\t\t<\/div>\n\t\t\t\t<\/div>\n\t\t\t\t<div class=\"elementor-element elementor-element-9bc6faf elementor-widget__width-initial elementor-widget elementor-widget-text-editor\" data-id=\"9bc6faf\" data-element_type=\"widget\" data-e-type=\"widget\" data-widget_type=\"text-editor.default\">\n\t\t\t\t\t\t\t\t\tWe serve distributors, wholesalers and industry throughout Mexico.\t\t\t\t\t\t\t\t<\/div>\n\t\t\t\t<\/div>\n\t\t\t\t\t<\/div>\n\t\t\t\t<\/div>\n\t\t\t\t<\/div>","protected":false},"excerpt":{"rendered":"<p>NAVITEK Nuestros Cat\u00e1logos Descubre nuestra amplia gama de soluciones en cintas adhesivas para aplicaciones industriales, comerciales y de oficina. Explora nuestros cat\u00e1logos especializados y encuentra el producto ideal que se adapte a tus necesidades espec\u00edficas. Cat\u00e1logo de productos Cat\u00e1logo de productos de Papeleria y Oficina Cat\u00e1logo de productos Ferretero Cat\u00e1logo de productos para la Industria [&hellip;]<\/p>\n","protected":false},"author":1,"featured_media":0,"parent":0,"menu_order":0,"comment_status":"closed","ping_status":"closed","template":"elementor_header_footer","meta":{"footnotes":""},"class_list":["post-392","page","type-page","status-publish","hentry"],"_links":{"self":[{"href":"https:\/\/navitek.com.mx\/en\/wp-json\/wp\/v2\/pages\/392","targetHints":{"allow":["GET"]}}],"collection":[{"href":"https:\/\/navitek.com.mx\/en\/wp-json\/wp\/v2\/pages"}],"about":[{"href":"https:\/\/navitek.com.mx\/en\/wp-json\/wp\/v2\/types\/page"}],"author":[{"embeddable":true,"href":"https:\/\/navitek.com.mx\/en\/wp-json\/wp\/v2\/users\/1"}],"replies":[{"embeddable":true,"href":"https:\/\/navitek.com.mx\/en\/wp-json\/wp\/v2\/comments?post=392"}],"version-history":[{"count":146,"href":"https:\/\/navitek.com.mx\/en\/wp-json\/wp\/v2\/pages\/392\/revisions"}],"predecessor-version":[{"id":2136,"href":"https:\/\/navitek.com.mx\/en\/wp-json\/wp\/v2\/pages\/392\/revisions\/2136"}],"wp:attachment":[{"href":"https:\/\/navitek.com.mx\/en\/wp-json\/wp\/v2\/media?parent=392"}],"curies":[{"name":"wp","href":"https:\/\/api.w.org\/{rel}","templated":true}]}}